{"id":69,"date":"2024-07-31T17:10:34","date_gmt":"2024-07-31T15:10:34","guid":{"rendered":"https:\/\/etanchexpert.com\/?page_id=69"},"modified":"2024-09-20T15:44:58","modified_gmt":"2024-09-20T13:44:58","slug":"entretien-et-demoussage","status":"publish","type":"page","link":"https:\/\/etanchexpert.com\/index.php\/entretien-et-demoussage\/","title":{"rendered":"Entretien et d\u00e9moussage"},"content":{"rendered":"\n<div class=\"wp-block-group alignfull has-base-2-background-color has-background has-global-padding is-layout-constrained wp-container-core-group-is-layout-669513ed wp-block-group-is-layout-constrained\" style=\"margin-top:0;margin-bottom:0;padding-top:var(--wp--preset--spacing--50);padding-right:var(--wp--preset--spacing--50);padding-bottom:var(--wp--preset--spacing--50);padding-left:var(--wp--preset--spacing--50)\">\n<div class=\"wp-block-group is-vertical is-content-justification-center is-layout-flex wp-container-core-group-is-layout-52b864f0 wp-block-group-is-layout-flex\">\n<h2 class=\"wp-block-heading has-text-align-center is-style-default\">Int\u00e9r\u00eat d&rsquo;entretenir votre toiture<\/h2>\n\n\n\n<div style=\"height:0px\" aria-hidden=\"true\" class=\"wp-block-spacer wp-container-content-4f2ccadb\"><\/div>\n<\/div>\n\n\n\n<div style=\"margin-top:0;margin-bottom:0;height:var(--wp--preset--spacing--40)\" aria-hidden=\"true\" class=\"wp-block-spacer\"><\/div>\n\n\n\n<hr class=\"wp-block-separator has-alpha-channel-opacity\"\/>\n\n\n\n<div class=\"wp-block-columns alignwide is-layout-flex wp-container-core-columns-is-layout-d0bbbce0 wp-block-columns-is-layout-flex\">\n<div class=\"wp-block-column is-layout-flow wp-container-core-column-is-layout-e3d1c41b wp-block-column-is-layout-flow\">\n<h3 class=\"wp-block-heading has-text-align-left is-style-default has-body-font-family has-medium-font-size\" style=\"font-style:normal;font-weight:600\">Pr\u00e9servation de l&rsquo;esth\u00e9tique<\/h3>\n\n\n\n<p class=\"has-text-align-left\">Le d\u00e9moussage permet de maintenir l&rsquo;apparence esth\u00e9tique de votre toiture en \u00e9liminant les d\u00e9p\u00f4ts de mousses, lichens et algues qui peuvent d\u00e9grader son aspect visuel au fil du temps.<\/p>\n<\/div>\n\n\n\n<div class=\"wp-block-column is-layout-flow wp-container-core-column-is-layout-e3d1c41b wp-block-column-is-layout-flow\">\n<h3 class=\"wp-block-heading has-text-align-left is-style-default has-body-font-family has-medium-font-size\" style=\"font-style:normal;font-weight:600\">Pr\u00e9vention des dommages<\/h3>\n\n\n\n<p class=\"has-text-align-left\">Les mousses et les lichens peuvent retenir l&rsquo;humidit\u00e9, ce qui peut entra\u00eener une d\u00e9gradation acc\u00e9l\u00e9r\u00e9e des mat\u00e9riaux de toiture, notamment les bardeaux et les tuiles. Le d\u00e9moussage r\u00e9gulier aide \u00e0 pr\u00e9venir ces dommages en \u00e9liminant ces organismes.<\/p>\n<\/div>\n\n\n\n<div class=\"wp-block-column is-layout-flow wp-container-core-column-is-layout-e3d1c41b wp-block-column-is-layout-flow\">\n<h3 class=\"wp-block-heading has-text-align-left is-style-default has-body-font-family has-medium-font-size\" style=\"font-style:normal;font-weight:600\">Am\u00e9lioration de la durabilit\u00e9<\/h3>\n\n\n\n<p class=\"has-text-align-left\">En enlevant les mousses et autres v\u00e9g\u00e9taux, vous prolongez la dur\u00e9e de vie de votre toiture. Cela \u00e9vite que les racines des mousses ne s&rsquo;infiltrent dans les mat\u00e9riaux, ce qui pourrait causer des fissures et des d\u00e9gradations structurelles.<\/p>\n<\/div>\n<\/div>\n\n\n\n<div style=\"height:var(--wp--preset--spacing--20)\" aria-hidden=\"true\" class=\"wp-block-spacer\"><\/div>\n\n\n\n<div class=\"wp-block-columns alignwide is-layout-flex wp-container-core-columns-is-layout-d0bbbce0 wp-block-columns-is-layout-flex\">\n<div class=\"wp-block-column is-layout-flow wp-container-core-column-is-layout-e3d1c41b wp-block-column-is-layout-flow\">\n<h3 class=\"wp-block-heading has-text-align-left is-style-default has-body-font-family has-medium-font-size\" style=\"font-style:normal;font-weight:600\">Maintien de la garantie<\/h3>\n\n\n\n<p class=\"has-text-align-left\">Certains fabricants de mat\u00e9riaux de toiture exigent un entretien r\u00e9gulier, y compris le d\u00e9moussage, pour maintenir la validit\u00e9 de la garantie. En suivant ces recommandations, vous \u00e9vitez d&rsquo;annuler involontairement votre couverture de garantie.<\/p>\n<\/div>\n<\/div>\n<\/div>\n\n\n\n<p><\/p>\n","protected":false},"excerpt":{"rendered":"<p>Int\u00e9r\u00eat d&rsquo;entretenir votre toiture Pr\u00e9servation de l&rsquo;esth\u00e9tique Le d\u00e9moussage permet de maintenir l&rsquo;apparence esth\u00e9tique de votre toiture en \u00e9liminant les d\u00e9p\u00f4ts de mousses, lichens et algues qui peuvent d\u00e9grader son aspect visuel au fil du temps. Pr\u00e9vention des dommages Les mousses et les lichens peuvent retenir l&rsquo;humidit\u00e9, ce qui peut entra\u00eener une d\u00e9gradation acc\u00e9l\u00e9r\u00e9e des [&hellip;]<\/p>\n","protected":false},"author":1,"featured_media":0,"parent":0,"menu_order":0,"comment_status":"closed","ping_status":"closed","template":"page-no-title","meta":{"footnotes":""},"class_list":["post-69","page","type-page","status-publish","hentry"],"yoast_head":"<!-- This site is optimized with the Yoast SEO plugin v27.4 - https:\/\/yoast.com\/product\/yoast-seo-wordpress\/ -->\n<title>Entretien et d\u00e9moussage - Etanchexpert<\/title>\n<meta name=\"description\" content=\"Etanchexpert votre sp\u00e9cialiste en entretien et d\u00e9moussage de toiture ! D\u00e9couvrez l&#039;int\u00e9r\u00eat d&#039;entretenir sa toiture sur cette page !\" \/>\n<meta name=\"robots\" content=\"index, follow, max-snippet:-1, max-image-preview:large, max-video-preview:-1\" \/>\n<link rel=\"canonical\" href=\"https:\/\/etanchexpert.com\/index.php\/entretien-et-demoussage\/\" \/>\n<meta property=\"og:locale\" content=\"fr_FR\" \/>\n<meta property=\"og:type\" content=\"article\" \/>\n<meta property=\"og:title\" content=\"Entretien et d\u00e9moussage - Etanchexpert\" \/>\n<meta property=\"og:description\" content=\"Etanchexpert votre sp\u00e9cialiste en entretien et d\u00e9moussage de toiture ! D\u00e9couvrez l&#039;int\u00e9r\u00eat d&#039;entretenir sa toiture sur cette page !\" \/>\n<meta property=\"og:url\" content=\"https:\/\/etanchexpert.com\/index.php\/entretien-et-demoussage\/\" \/>\n<meta property=\"og:site_name\" content=\"Etanchexpert\" \/>\n<meta property=\"article:publisher\" content=\"https:\/\/www.facebook.com\/etanchexpert\/?locale=fr_FR\" \/>\n<meta property=\"article:modified_time\" content=\"2024-09-20T13:44:58+00:00\" \/>\n<meta name=\"twitter:card\" content=\"summary_large_image\" \/>\n<meta name=\"twitter:label1\" content=\"Dur\u00e9e de lecture estim\u00e9e\" \/>\n\t<meta name=\"twitter:data1\" content=\"1 minute\" \/>\n<script type=\"application\/ld+json\" class=\"yoast-schema-graph\">{\"@context\":\"https:\\\/\\\/schema.org\",\"@graph\":[{\"@type\":\"WebPage\",\"@id\":\"https:\\\/\\\/etanchexpert.com\\\/index.php\\\/entretien-et-demoussage\\\/\",\"url\":\"https:\\\/\\\/etanchexpert.com\\\/index.php\\\/entretien-et-demoussage\\\/\",\"name\":\"Entretien et d\u00e9moussage - Etanchexpert\",\"isPartOf\":{\"@id\":\"https:\\\/\\\/etanchexpert.com\\\/#website\"},\"datePublished\":\"2024-07-31T15:10:34+00:00\",\"dateModified\":\"2024-09-20T13:44:58+00:00\",\"description\":\"Etanchexpert votre sp\u00e9cialiste en entretien et d\u00e9moussage de toiture ! D\u00e9couvrez l'int\u00e9r\u00eat d'entretenir sa toiture sur cette page !\",\"breadcrumb\":{\"@id\":\"https:\\\/\\\/etanchexpert.com\\\/index.php\\\/entretien-et-demoussage\\\/#breadcrumb\"},\"inLanguage\":\"fr-FR\",\"potentialAction\":[{\"@type\":\"ReadAction\",\"target\":[\"https:\\\/\\\/etanchexpert.com\\\/index.php\\\/entretien-et-demoussage\\\/\"]}]},{\"@type\":\"BreadcrumbList\",\"@id\":\"https:\\\/\\\/etanchexpert.com\\\/index.php\\\/entretien-et-demoussage\\\/#breadcrumb\",\"itemListElement\":[{\"@type\":\"ListItem\",\"position\":1,\"name\":\"Accueil\",\"item\":\"https:\\\/\\\/etanchexpert.com\\\/\"},{\"@type\":\"ListItem\",\"position\":2,\"name\":\"Entretien et d\u00e9moussage\"}]},{\"@type\":\"WebSite\",\"@id\":\"https:\\\/\\\/etanchexpert.com\\\/#website\",\"url\":\"https:\\\/\\\/etanchexpert.com\\\/\",\"name\":\"Etanchexpert\",\"description\":\"Etanchexpert. Tous droits r\u00e9serv\u00e9s.\",\"publisher\":{\"@id\":\"https:\\\/\\\/etanchexpert.com\\\/#organization\"},\"alternateName\":\"Couvreur sur le 28000, 78000 et 91000\",\"potentialAction\":[{\"@type\":\"SearchAction\",\"target\":{\"@type\":\"EntryPoint\",\"urlTemplate\":\"https:\\\/\\\/etanchexpert.com\\\/?s={search_term_string}\"},\"query-input\":{\"@type\":\"PropertyValueSpecification\",\"valueRequired\":true,\"valueName\":\"search_term_string\"}}],\"inLanguage\":\"fr-FR\"},{\"@type\":\"Organization\",\"@id\":\"https:\\\/\\\/etanchexpert.com\\\/#organization\",\"name\":\"EtanchExpert\",\"url\":\"https:\\\/\\\/etanchexpert.com\\\/\",\"logo\":{\"@type\":\"ImageObject\",\"inLanguage\":\"fr-FR\",\"@id\":\"https:\\\/\\\/etanchexpert.com\\\/#\\\/schema\\\/logo\\\/image\\\/\",\"url\":\"https:\\\/\\\/etanchexpert.com\\\/wp-content\\\/uploads\\\/2024\\\/07\\\/Etanchexpert-logo.png\",\"contentUrl\":\"https:\\\/\\\/etanchexpert.com\\\/wp-content\\\/uploads\\\/2024\\\/07\\\/Etanchexpert-logo.png\",\"width\":850,\"height\":198,\"caption\":\"EtanchExpert\"},\"image\":{\"@id\":\"https:\\\/\\\/etanchexpert.com\\\/#\\\/schema\\\/logo\\\/image\\\/\"},\"sameAs\":[\"https:\\\/\\\/www.facebook.com\\\/etanchexpert\\\/?locale=fr_FR\"]}]}<\/script>\n<!-- \/ Yoast SEO plugin. -->","yoast_head_json":{"title":"Entretien et d\u00e9moussage - Etanchexpert","description":"Etanchexpert votre sp\u00e9cialiste en entretien et d\u00e9moussage de toiture ! D\u00e9couvrez l'int\u00e9r\u00eat d'entretenir sa toiture sur cette page !","robots":{"index":"index","follow":"follow","max-snippet":"max-snippet:-1","max-image-preview":"max-image-preview:large","max-video-preview":"max-video-preview:-1"},"canonical":"https:\/\/etanchexpert.com\/index.php\/entretien-et-demoussage\/","og_locale":"fr_FR","og_type":"article","og_title":"Entretien et d\u00e9moussage - Etanchexpert","og_description":"Etanchexpert votre sp\u00e9cialiste en entretien et d\u00e9moussage de toiture ! D\u00e9couvrez l'int\u00e9r\u00eat d'entretenir sa toiture sur cette page !","og_url":"https:\/\/etanchexpert.com\/index.php\/entretien-et-demoussage\/","og_site_name":"Etanchexpert","article_publisher":"https:\/\/www.facebook.com\/etanchexpert\/?locale=fr_FR","article_modified_time":"2024-09-20T13:44:58+00:00","twitter_card":"summary_large_image","twitter_misc":{"Dur\u00e9e de lecture estim\u00e9e":"1 minute"},"schema":{"@context":"https:\/\/schema.org","@graph":[{"@type":"WebPage","@id":"https:\/\/etanchexpert.com\/index.php\/entretien-et-demoussage\/","url":"https:\/\/etanchexpert.com\/index.php\/entretien-et-demoussage\/","name":"Entretien et d\u00e9moussage - Etanchexpert","isPartOf":{"@id":"https:\/\/etanchexpert.com\/#website"},"datePublished":"2024-07-31T15:10:34+00:00","dateModified":"2024-09-20T13:44:58+00:00","description":"Etanchexpert votre sp\u00e9cialiste en entretien et d\u00e9moussage de toiture ! D\u00e9couvrez l'int\u00e9r\u00eat d'entretenir sa toiture sur cette page !","breadcrumb":{"@id":"https:\/\/etanchexpert.com\/index.php\/entretien-et-demoussage\/#breadcrumb"},"inLanguage":"fr-FR","potentialAction":[{"@type":"ReadAction","target":["https:\/\/etanchexpert.com\/index.php\/entretien-et-demoussage\/"]}]},{"@type":"BreadcrumbList","@id":"https:\/\/etanchexpert.com\/index.php\/entretien-et-demoussage\/#breadcrumb","itemListElement":[{"@type":"ListItem","position":1,"name":"Accueil","item":"https:\/\/etanchexpert.com\/"},{"@type":"ListItem","position":2,"name":"Entretien et d\u00e9moussage"}]},{"@type":"WebSite","@id":"https:\/\/etanchexpert.com\/#website","url":"https:\/\/etanchexpert.com\/","name":"Etanchexpert","description":"Etanchexpert. Tous droits r\u00e9serv\u00e9s.","publisher":{"@id":"https:\/\/etanchexpert.com\/#organization"},"alternateName":"Couvreur sur le 28000, 78000 et 91000","potentialAction":[{"@type":"SearchAction","target":{"@type":"EntryPoint","urlTemplate":"https:\/\/etanchexpert.com\/?s={search_term_string}"},"query-input":{"@type":"PropertyValueSpecification","valueRequired":true,"valueName":"search_term_string"}}],"inLanguage":"fr-FR"},{"@type":"Organization","@id":"https:\/\/etanchexpert.com\/#organization","name":"EtanchExpert","url":"https:\/\/etanchexpert.com\/","logo":{"@type":"ImageObject","inLanguage":"fr-FR","@id":"https:\/\/etanchexpert.com\/#\/schema\/logo\/image\/","url":"https:\/\/etanchexpert.com\/wp-content\/uploads\/2024\/07\/Etanchexpert-logo.png","contentUrl":"https:\/\/etanchexpert.com\/wp-content\/uploads\/2024\/07\/Etanchexpert-logo.png","width":850,"height":198,"caption":"EtanchExpert"},"image":{"@id":"https:\/\/etanchexpert.com\/#\/schema\/logo\/image\/"},"sameAs":["https:\/\/www.facebook.com\/etanchexpert\/?locale=fr_FR"]}]}},"_links":{"self":[{"href":"https:\/\/etanchexpert.com\/index.php\/wp-json\/wp\/v2\/pages\/69","targetHints":{"allow":["GET"]}}],"collection":[{"href":"https:\/\/etanchexpert.com\/index.php\/wp-json\/wp\/v2\/pages"}],"about":[{"href":"https:\/\/etanchexpert.com\/index.php\/wp-json\/wp\/v2\/types\/page"}],"author":[{"embeddable":true,"href":"https:\/\/etanchexpert.com\/index.php\/wp-json\/wp\/v2\/users\/1"}],"replies":[{"embeddable":true,"href":"https:\/\/etanchexpert.com\/index.php\/wp-json\/wp\/v2\/comments?post=69"}],"version-history":[{"count":2,"href":"https:\/\/etanchexpert.com\/index.php\/wp-json\/wp\/v2\/pages\/69\/revisions"}],"predecessor-version":[{"id":129,"href":"https:\/\/etanchexpert.com\/index.php\/wp-json\/wp\/v2\/pages\/69\/revisions\/129"}],"wp:attachment":[{"href":"https:\/\/etanchexpert.com\/index.php\/wp-json\/wp\/v2\/media?parent=69"}],"curies":[{"name":"wp","href":"https:\/\/api.w.org\/{rel}","templated":true}]}}