{"id":71,"date":"2024-07-31T17:10:52","date_gmt":"2024-07-31T15:10:52","guid":{"rendered":"https:\/\/etanchexpert.com\/?page_id=71"},"modified":"2024-09-20T15:51:02","modified_gmt":"2024-09-20T13:51:02","slug":"panneaux-solaires-et-isolation-par-lexterieur","status":"publish","type":"page","link":"https:\/\/etanchexpert.com\/index.php\/panneaux-solaires-et-isolation-par-lexterieur\/","title":{"rendered":"Panneaux solaires et isolation par l&rsquo;ext\u00e9rieur"},"content":{"rendered":"\n<div class=\"wp-block-group alignfull has-base-2-background-color has-background has-global-padding is-layout-constrained wp-container-core-group-is-layout-669513ed wp-block-group-is-layout-constrained\" style=\"margin-top:0;margin-bottom:0;padding-top:var(--wp--preset--spacing--50);padding-right:var(--wp--preset--spacing--50);padding-bottom:var(--wp--preset--spacing--50);padding-left:var(--wp--preset--spacing--50)\">\n<div class=\"wp-block-group is-vertical is-content-justification-center is-layout-flex wp-container-core-group-is-layout-52b864f0 wp-block-group-is-layout-flex\">\n<h2 class=\"wp-block-heading has-text-align-center is-style-default\">Pourquoi installer des panneaux solaires ?<\/h2>\n\n\n\n<div style=\"height:0px\" aria-hidden=\"true\" class=\"wp-block-spacer wp-container-content-4f2ccadb\"><\/div>\n<\/div>\n\n\n\n<hr class=\"wp-block-separator has-alpha-channel-opacity\"\/>\n\n\n\n<div style=\"margin-top:0;margin-bottom:0;height:var(--wp--preset--spacing--40)\" aria-hidden=\"true\" class=\"wp-block-spacer\"><\/div>\n\n\n\n<div class=\"wp-block-columns alignwide is-layout-flex wp-container-core-columns-is-layout-d0bbbce0 wp-block-columns-is-layout-flex\">\n<div class=\"wp-block-column is-layout-flow wp-container-core-column-is-layout-e3d1c41b wp-block-column-is-layout-flow\">\n<h3 class=\"wp-block-heading has-text-align-left is-style-default has-body-font-family has-medium-font-size\" style=\"font-style:normal;font-weight:600\">\u00c9conomies \u00e0 long terme<\/h3>\n\n\n\n<p class=\"has-text-align-left\">Les panneaux solaires permettent de produire votre propre \u00e9nergie, et diminuer vos factures d&rsquo;\u00e9lectricit\u00e9 de mani\u00e8re substantielle sur le long terme.<\/p>\n<\/div>\n\n\n\n<div class=\"wp-block-column is-layout-flow wp-container-core-column-is-layout-e3d1c41b wp-block-column-is-layout-flow\">\n<h3 class=\"wp-block-heading has-text-align-left is-style-default has-body-font-family has-medium-font-size\" style=\"font-style:normal;font-weight:600\">Investissement rentable<\/h3>\n\n\n\n<p class=\"has-text-align-left\">Bien que l&rsquo;installation initiale puisse repr\u00e9senter un investissement cons\u00e9quent, les panneaux solaires sont con\u00e7us pour durer. Cela signifie qu&rsquo;ils peuvent rapidement devenir une source d&rsquo;\u00e9conomies et, dans de nombreux cas, g\u00e9n\u00e9rer un retour sur investissement attractif.<\/p>\n<\/div>\n\n\n\n<div class=\"wp-block-column is-layout-flow wp-container-core-column-is-layout-e3d1c41b wp-block-column-is-layout-flow\">\n<h3 class=\"wp-block-heading has-text-align-left is-style-default has-body-font-family has-medium-font-size\" style=\"font-style:normal;font-weight:600\">R\u00e9duction de l&#8217;empreinte carbone<\/h3>\n\n\n\n<p class=\"has-text-align-left\">Opter pour l&rsquo;\u00e9nergie solaire contribue \u00e0 r\u00e9duire votre empreinte carbone. En utilisant une source d&rsquo;\u00e9nergie renouvelable, vous diminuez votre impact environnemental et participez \u00e0 la lutte contre le changement climatique.<\/p>\n<\/div>\n<\/div>\n\n\n\n<div style=\"height:var(--wp--preset--spacing--20)\" aria-hidden=\"true\" class=\"wp-block-spacer\"><\/div>\n\n\n\n<div class=\"wp-block-columns alignwide is-layout-flex wp-container-core-columns-is-layout-d0bbbce0 wp-block-columns-is-layout-flex\">\n<div class=\"wp-block-column is-layout-flow wp-container-core-column-is-layout-e3d1c41b wp-block-column-is-layout-flow\">\n<h3 class=\"wp-block-heading has-text-align-left is-style-default has-body-font-family has-medium-font-size\" style=\"font-style:normal;font-weight:600\">Valorisation de votre propri\u00e9t\u00e9<\/h3>\n\n\n\n<p class=\"has-text-align-left\">Les maisons \u00e9quip\u00e9es de panneaux solaires b\u00e9n\u00e9ficient souvent d&rsquo;une valorisation immobili\u00e8re accrue. Les acheteurs sont de plus en plus attir\u00e9s par les maisons \u00e9co\u00e9nerg\u00e9tiques et autonomes sur le plan \u00e9nerg\u00e9tique, ce qui peut rendre votre propri\u00e9t\u00e9 plus attractive sur le march\u00e9.<\/p>\n<\/div>\n<\/div>\n<\/div>\n\n\n\n<hr class=\"wp-block-separator alignfull has-alpha-channel-opacity is-style-wide\"\/>\n\n\n\n<div class=\"wp-block-group alignfull has-base-2-background-color has-background has-global-padding is-layout-constrained wp-container-core-group-is-layout-669513ed wp-block-group-is-layout-constrained\" style=\"margin-top:0;margin-bottom:0;padding-top:var(--wp--preset--spacing--50);padding-right:var(--wp--preset--spacing--50);padding-bottom:var(--wp--preset--spacing--50);padding-left:var(--wp--preset--spacing--50)\">\n<div class=\"wp-block-group is-vertical is-content-justification-center is-layout-flex wp-container-core-group-is-layout-52b864f0 wp-block-group-is-layout-flex\">\n<h2 class=\"wp-block-heading has-text-align-center is-style-default\">Isolation par l&rsquo;ext\u00e9rieur<\/h2>\n\n\n\n<div style=\"height:0px\" aria-hidden=\"true\" class=\"wp-block-spacer wp-container-content-4f2ccadb\"><\/div>\n<\/div>\n\n\n\n<hr class=\"wp-block-separator has-alpha-channel-opacity\"\/>\n\n\n\n<div style=\"margin-top:0;margin-bottom:0;height:var(--wp--preset--spacing--40)\" aria-hidden=\"true\" class=\"wp-block-spacer\"><\/div>\n\n\n\n<div class=\"wp-block-columns alignwide is-layout-flex wp-container-core-columns-is-layout-d0bbbce0 wp-block-columns-is-layout-flex\">\n<div class=\"wp-block-column is-layout-flow wp-container-core-column-is-layout-e3d1c41b wp-block-column-is-layout-flow\">\n<h3 class=\"wp-block-heading has-text-align-left is-style-default has-body-font-family has-medium-font-size\" style=\"font-style:normal;font-weight:600\">Optimisation de l&rsquo;efficacit\u00e9 \u00e9nerg\u00e9tique<\/h3>\n\n\n\n<p class=\"has-text-align-left\">Une toiture correctement isol\u00e9e permet de r\u00e9duire les pertes de chaleur en hiver et limite la surchauffe en \u00e9t\u00e9. Cela contribue directement \u00e0 diminuer la consommation d&rsquo;\u00e9nergie pour le chauffage et la climatisation, ce qui se traduit par des \u00e9conomies sur les factures \u00e9nerg\u00e9tiques \u00e0 long terme.<\/p>\n<\/div>\n\n\n\n<div class=\"wp-block-column is-layout-flow wp-container-core-column-is-layout-e3d1c41b wp-block-column-is-layout-flow\">\n<h3 class=\"wp-block-heading has-text-align-left is-style-default has-body-font-family has-medium-font-size\" style=\"font-style:normal;font-weight:600\">Isolation par l&rsquo;ext\u00e9rieur (Sarking)<\/h3>\n\n\n\n<p class=\"has-text-align-left\">Cette m\u00e9thode consiste \u00e0 installer l&rsquo;isolant sur la face ext\u00e9rieure de la charpente, sous la couverture. Cela permet de r\u00e9duire les ponts thermiques, am\u00e9liorer l&rsquo;\u00e9tanch\u00e9it\u00e9 \u00e0 l&rsquo;air, maintenir l&rsquo;inertie thermique de la structure, et de conserver l&rsquo;espace habitable sous les combles.<\/p>\n\n\n\n<p class=\"has-text-align-left\"><em>Mat\u00e9riaux :<\/em> Panneaux rigides (polystyr\u00e8ne extrud\u00e9, polyur\u00e9thane), laine min\u00e9rale semi-rigide.<\/p>\n<\/div>\n<\/div>\n\n\n\n<div style=\"height:var(--wp--preset--spacing--20)\" aria-hidden=\"true\" class=\"wp-block-spacer\"><\/div>\n<\/div>\n","protected":false},"excerpt":{"rendered":"<p>Pourquoi installer des panneaux solaires ? \u00c9conomies \u00e0 long terme Les panneaux solaires permettent de produire votre propre \u00e9nergie, et diminuer vos factures d&rsquo;\u00e9lectricit\u00e9 de mani\u00e8re substantielle sur le long terme. Investissement rentable Bien que l&rsquo;installation initiale puisse repr\u00e9senter un investissement cons\u00e9quent, les panneaux solaires sont con\u00e7us pour durer. Cela signifie qu&rsquo;ils peuvent rapidement devenir [&hellip;]<\/p>\n","protected":false},"author":1,"featured_media":0,"parent":0,"menu_order":0,"comment_status":"closed","ping_status":"closed","template":"page-no-title","meta":{"footnotes":""},"class_list":["post-71","page","type-page","status-publish","hentry"],"yoast_head":"<!-- This site is optimized with the Yoast SEO plugin v27.4 - https:\/\/yoast.com\/product\/yoast-seo-wordpress\/ -->\n<title>Panneaux solaires et isolation par l&#039;ext\u00e9rieur - Etanchexpert<\/title>\n<meta name=\"description\" content=\"Etanchexpert votre sp\u00e9cialiste couverture installe vos panneaux solaires et isole votre maison par l&#039;ext\u00e9rieur ! D\u00e9couvrez l&#039;int\u00e9r\u00eat sur cette page d&#039;information !\" \/>\n<meta name=\"robots\" content=\"index, follow, max-snippet:-1, max-image-preview:large, max-video-preview:-1\" \/>\n<link rel=\"canonical\" href=\"https:\/\/etanchexpert.com\/index.php\/panneaux-solaires-et-isolation-par-lexterieur\/\" \/>\n<meta property=\"og:locale\" content=\"fr_FR\" \/>\n<meta property=\"og:type\" content=\"article\" \/>\n<meta property=\"og:title\" content=\"Panneaux solaires et isolation par l&#039;ext\u00e9rieur - Etanchexpert\" \/>\n<meta property=\"og:description\" content=\"Etanchexpert votre sp\u00e9cialiste couverture installe vos panneaux solaires et isole votre maison par l&#039;ext\u00e9rieur ! D\u00e9couvrez l&#039;int\u00e9r\u00eat sur cette page d&#039;information !\" \/>\n<meta property=\"og:url\" content=\"https:\/\/etanchexpert.com\/index.php\/panneaux-solaires-et-isolation-par-lexterieur\/\" \/>\n<meta property=\"og:site_name\" content=\"Etanchexpert\" \/>\n<meta property=\"article:publisher\" content=\"https:\/\/www.facebook.com\/etanchexpert\/?locale=fr_FR\" \/>\n<meta property=\"article:modified_time\" content=\"2024-09-20T13:51:02+00:00\" \/>\n<meta name=\"twitter:card\" content=\"summary_large_image\" \/>\n<meta name=\"twitter:label1\" content=\"Dur\u00e9e de lecture estim\u00e9e\" \/>\n\t<meta name=\"twitter:data1\" content=\"2 minutes\" \/>\n<script type=\"application\/ld+json\" class=\"yoast-schema-graph\">{\"@context\":\"https:\\\/\\\/schema.org\",\"@graph\":[{\"@type\":\"WebPage\",\"@id\":\"https:\\\/\\\/etanchexpert.com\\\/index.php\\\/panneaux-solaires-et-isolation-par-lexterieur\\\/\",\"url\":\"https:\\\/\\\/etanchexpert.com\\\/index.php\\\/panneaux-solaires-et-isolation-par-lexterieur\\\/\",\"name\":\"Panneaux solaires et isolation par l'ext\u00e9rieur - Etanchexpert\",\"isPartOf\":{\"@id\":\"https:\\\/\\\/etanchexpert.com\\\/#website\"},\"datePublished\":\"2024-07-31T15:10:52+00:00\",\"dateModified\":\"2024-09-20T13:51:02+00:00\",\"description\":\"Etanchexpert votre sp\u00e9cialiste couverture installe vos panneaux solaires et isole votre maison par l'ext\u00e9rieur ! D\u00e9couvrez l'int\u00e9r\u00eat sur cette page d'information !\",\"breadcrumb\":{\"@id\":\"https:\\\/\\\/etanchexpert.com\\\/index.php\\\/panneaux-solaires-et-isolation-par-lexterieur\\\/#breadcrumb\"},\"inLanguage\":\"fr-FR\",\"potentialAction\":[{\"@type\":\"ReadAction\",\"target\":[\"https:\\\/\\\/etanchexpert.com\\\/index.php\\\/panneaux-solaires-et-isolation-par-lexterieur\\\/\"]}]},{\"@type\":\"BreadcrumbList\",\"@id\":\"https:\\\/\\\/etanchexpert.com\\\/index.php\\\/panneaux-solaires-et-isolation-par-lexterieur\\\/#breadcrumb\",\"itemListElement\":[{\"@type\":\"ListItem\",\"position\":1,\"name\":\"Accueil\",\"item\":\"https:\\\/\\\/etanchexpert.com\\\/\"},{\"@type\":\"ListItem\",\"position\":2,\"name\":\"Panneaux solaires et isolation par l&rsquo;ext\u00e9rieur\"}]},{\"@type\":\"WebSite\",\"@id\":\"https:\\\/\\\/etanchexpert.com\\\/#website\",\"url\":\"https:\\\/\\\/etanchexpert.com\\\/\",\"name\":\"Etanchexpert\",\"description\":\"Etanchexpert. Tous droits r\u00e9serv\u00e9s.\",\"publisher\":{\"@id\":\"https:\\\/\\\/etanchexpert.com\\\/#organization\"},\"alternateName\":\"Couvreur sur le 28000, 78000 et 91000\",\"potentialAction\":[{\"@type\":\"SearchAction\",\"target\":{\"@type\":\"EntryPoint\",\"urlTemplate\":\"https:\\\/\\\/etanchexpert.com\\\/?s={search_term_string}\"},\"query-input\":{\"@type\":\"PropertyValueSpecification\",\"valueRequired\":true,\"valueName\":\"search_term_string\"}}],\"inLanguage\":\"fr-FR\"},{\"@type\":\"Organization\",\"@id\":\"https:\\\/\\\/etanchexpert.com\\\/#organization\",\"name\":\"EtanchExpert\",\"url\":\"https:\\\/\\\/etanchexpert.com\\\/\",\"logo\":{\"@type\":\"ImageObject\",\"inLanguage\":\"fr-FR\",\"@id\":\"https:\\\/\\\/etanchexpert.com\\\/#\\\/schema\\\/logo\\\/image\\\/\",\"url\":\"https:\\\/\\\/etanchexpert.com\\\/wp-content\\\/uploads\\\/2024\\\/07\\\/Etanchexpert-logo.png\",\"contentUrl\":\"https:\\\/\\\/etanchexpert.com\\\/wp-content\\\/uploads\\\/2024\\\/07\\\/Etanchexpert-logo.png\",\"width\":850,\"height\":198,\"caption\":\"EtanchExpert\"},\"image\":{\"@id\":\"https:\\\/\\\/etanchexpert.com\\\/#\\\/schema\\\/logo\\\/image\\\/\"},\"sameAs\":[\"https:\\\/\\\/www.facebook.com\\\/etanchexpert\\\/?locale=fr_FR\"]}]}<\/script>\n<!-- \/ Yoast SEO plugin. -->","yoast_head_json":{"title":"Panneaux solaires et isolation par l'ext\u00e9rieur - Etanchexpert","description":"Etanchexpert votre sp\u00e9cialiste couverture installe vos panneaux solaires et isole votre maison par l'ext\u00e9rieur ! D\u00e9couvrez l'int\u00e9r\u00eat sur cette page d'information !","robots":{"index":"index","follow":"follow","max-snippet":"max-snippet:-1","max-image-preview":"max-image-preview:large","max-video-preview":"max-video-preview:-1"},"canonical":"https:\/\/etanchexpert.com\/index.php\/panneaux-solaires-et-isolation-par-lexterieur\/","og_locale":"fr_FR","og_type":"article","og_title":"Panneaux solaires et isolation par l'ext\u00e9rieur - Etanchexpert","og_description":"Etanchexpert votre sp\u00e9cialiste couverture installe vos panneaux solaires et isole votre maison par l'ext\u00e9rieur ! D\u00e9couvrez l'int\u00e9r\u00eat sur cette page d'information !","og_url":"https:\/\/etanchexpert.com\/index.php\/panneaux-solaires-et-isolation-par-lexterieur\/","og_site_name":"Etanchexpert","article_publisher":"https:\/\/www.facebook.com\/etanchexpert\/?locale=fr_FR","article_modified_time":"2024-09-20T13:51:02+00:00","twitter_card":"summary_large_image","twitter_misc":{"Dur\u00e9e de lecture estim\u00e9e":"2 minutes"},"schema":{"@context":"https:\/\/schema.org","@graph":[{"@type":"WebPage","@id":"https:\/\/etanchexpert.com\/index.php\/panneaux-solaires-et-isolation-par-lexterieur\/","url":"https:\/\/etanchexpert.com\/index.php\/panneaux-solaires-et-isolation-par-lexterieur\/","name":"Panneaux solaires et isolation par l'ext\u00e9rieur - Etanchexpert","isPartOf":{"@id":"https:\/\/etanchexpert.com\/#website"},"datePublished":"2024-07-31T15:10:52+00:00","dateModified":"2024-09-20T13:51:02+00:00","description":"Etanchexpert votre sp\u00e9cialiste couverture installe vos panneaux solaires et isole votre maison par l'ext\u00e9rieur ! D\u00e9couvrez l'int\u00e9r\u00eat sur cette page d'information !","breadcrumb":{"@id":"https:\/\/etanchexpert.com\/index.php\/panneaux-solaires-et-isolation-par-lexterieur\/#breadcrumb"},"inLanguage":"fr-FR","potentialAction":[{"@type":"ReadAction","target":["https:\/\/etanchexpert.com\/index.php\/panneaux-solaires-et-isolation-par-lexterieur\/"]}]},{"@type":"BreadcrumbList","@id":"https:\/\/etanchexpert.com\/index.php\/panneaux-solaires-et-isolation-par-lexterieur\/#breadcrumb","itemListElement":[{"@type":"ListItem","position":1,"name":"Accueil","item":"https:\/\/etanchexpert.com\/"},{"@type":"ListItem","position":2,"name":"Panneaux solaires et isolation par l&rsquo;ext\u00e9rieur"}]},{"@type":"WebSite","@id":"https:\/\/etanchexpert.com\/#website","url":"https:\/\/etanchexpert.com\/","name":"Etanchexpert","description":"Etanchexpert. Tous droits r\u00e9serv\u00e9s.","publisher":{"@id":"https:\/\/etanchexpert.com\/#organization"},"alternateName":"Couvreur sur le 28000, 78000 et 91000","potentialAction":[{"@type":"SearchAction","target":{"@type":"EntryPoint","urlTemplate":"https:\/\/etanchexpert.com\/?s={search_term_string}"},"query-input":{"@type":"PropertyValueSpecification","valueRequired":true,"valueName":"search_term_string"}}],"inLanguage":"fr-FR"},{"@type":"Organization","@id":"https:\/\/etanchexpert.com\/#organization","name":"EtanchExpert","url":"https:\/\/etanchexpert.com\/","logo":{"@type":"ImageObject","inLanguage":"fr-FR","@id":"https:\/\/etanchexpert.com\/#\/schema\/logo\/image\/","url":"https:\/\/etanchexpert.com\/wp-content\/uploads\/2024\/07\/Etanchexpert-logo.png","contentUrl":"https:\/\/etanchexpert.com\/wp-content\/uploads\/2024\/07\/Etanchexpert-logo.png","width":850,"height":198,"caption":"EtanchExpert"},"image":{"@id":"https:\/\/etanchexpert.com\/#\/schema\/logo\/image\/"},"sameAs":["https:\/\/www.facebook.com\/etanchexpert\/?locale=fr_FR"]}]}},"_links":{"self":[{"href":"https:\/\/etanchexpert.com\/index.php\/wp-json\/wp\/v2\/pages\/71","targetHints":{"allow":["GET"]}}],"collection":[{"href":"https:\/\/etanchexpert.com\/index.php\/wp-json\/wp\/v2\/pages"}],"about":[{"href":"https:\/\/etanchexpert.com\/index.php\/wp-json\/wp\/v2\/types\/page"}],"author":[{"embeddable":true,"href":"https:\/\/etanchexpert.com\/index.php\/wp-json\/wp\/v2\/users\/1"}],"replies":[{"embeddable":true,"href":"https:\/\/etanchexpert.com\/index.php\/wp-json\/wp\/v2\/comments?post=71"}],"version-history":[{"count":3,"href":"https:\/\/etanchexpert.com\/index.php\/wp-json\/wp\/v2\/pages\/71\/revisions"}],"predecessor-version":[{"id":130,"href":"https:\/\/etanchexpert.com\/index.php\/wp-json\/wp\/v2\/pages\/71\/revisions\/130"}],"wp:attachment":[{"href":"https:\/\/etanchexpert.com\/index.php\/wp-json\/wp\/v2\/media?parent=71"}],"curies":[{"name":"wp","href":"https:\/\/api.w.org\/{rel}","templated":true}]}}