{"id":74,"date":"2024-07-31T17:10:40","date_gmt":"2024-07-31T15:10:40","guid":{"rendered":"https:\/\/etanchexpert.com\/?page_id=74"},"modified":"2024-09-20T15:46:57","modified_gmt":"2024-09-20T13:46:57","slug":"fenetre-de-toit","status":"publish","type":"page","link":"https:\/\/etanchexpert.com\/index.php\/fenetre-de-toit\/","title":{"rendered":"Fen\u00eatre de toit"},"content":{"rendered":"\n<div class=\"wp-block-group alignfull has-base-2-background-color has-background has-global-padding is-layout-constrained wp-container-core-group-is-layout-669513ed wp-block-group-is-layout-constrained\" style=\"margin-top:0;margin-bottom:0;padding-top:var(--wp--preset--spacing--50);padding-right:var(--wp--preset--spacing--50);padding-bottom:var(--wp--preset--spacing--50);padding-left:var(--wp--preset--spacing--50)\">\n<div class=\"wp-block-group is-vertical is-content-justification-center is-layout-flex wp-container-core-group-is-layout-52b864f0 wp-block-group-is-layout-flex\">\n<h2 class=\"wp-block-heading has-text-align-center is-style-default\">Les fen\u00eatres de toit<\/h2>\n\n\n\n<div style=\"height:0px\" aria-hidden=\"true\" class=\"wp-block-spacer wp-container-content-4f2ccadb\"><\/div>\n<\/div>\n\n\n\n<hr class=\"wp-block-separator has-alpha-channel-opacity\"\/>\n\n\n\n<div style=\"margin-top:0;margin-bottom:0;height:var(--wp--preset--spacing--40)\" aria-hidden=\"true\" class=\"wp-block-spacer\"><\/div>\n\n\n\n<div class=\"wp-block-columns alignwide is-layout-flex wp-container-core-columns-is-layout-d0bbbce0 wp-block-columns-is-layout-flex\">\n<div class=\"wp-block-column is-layout-flow wp-container-core-column-is-layout-e3d1c41b wp-block-column-is-layout-flow\">\n<h3 class=\"wp-block-heading has-text-align-left is-style-default has-body-font-family has-medium-font-size\" style=\"font-style:normal;font-weight:600\">Efficacit\u00e9<\/h3>\n\n\n\n<p class=\"has-text-align-left\">Les fen\u00eatres de toit permettent d&rsquo;apporter une abondance de lumi\u00e8re naturelle dans les espaces sous les combles et les greniers. Cela cr\u00e9e un environnement int\u00e9rieur plus lumineux et agr\u00e9able, tout en r\u00e9duisant la d\u00e9pendance \u00e0 l&rsquo;\u00e9clairage artificiel pendant la journ\u00e9e. En rempla\u00e7ant vos fen\u00eatres par des mod\u00e8les plus r\u00e9cents et mieux isol\u00e9s, vous pouvez r\u00e9duire les pertes de chaleur en hiver et garder votre maison plus fra\u00eeche en \u00e9t\u00e9. Cela se traduit par des \u00e9conomies sur vos factures d&rsquo;\u00e9nergie et un meilleur confort thermique tout au long de l&rsquo;ann\u00e9e.<\/p>\n<\/div>\n\n\n\n<div class=\"wp-block-column is-layout-flow wp-container-core-column-is-layout-e3d1c41b wp-block-column-is-layout-flow\">\n<h3 class=\"wp-block-heading has-text-align-left is-style-default has-body-font-family has-medium-font-size\" style=\"font-style:normal;font-weight:600\">Esth\u00e9tique et adaptabilit\u00e9<\/h3>\n\n\n\n<p class=\"has-text-align-left\">Sur le plan esth\u00e9tique, les fen\u00eatres de toit peuvent ajouter du caract\u00e8re et du charme \u00e0 une maison, tout en am\u00e9liorant sa valeur sur le march\u00e9 immobilier. Elles offrent \u00e9galement des vues panoramiques sur le ciel et le paysage environnant, enrichissant ainsi l&rsquo;exp\u00e9rience r\u00e9sidentielle.<\/p>\n<\/div>\n\n\n\n<div class=\"wp-block-column is-layout-flow wp-container-core-column-is-layout-e3d1c41b wp-block-column-is-layout-flow\">\n<h3 class=\"wp-block-heading has-text-align-left is-style-default has-body-font-family has-medium-font-size\" style=\"font-style:normal;font-weight:600\">Faible co\u00fbt de maintenance<\/h3>\n\n\n\n<p class=\"has-text-align-left\">Les anciennes fen\u00eatres de toit peuvent n\u00e9cessiter plus d&rsquo;entretien et de r\u00e9parations fr\u00e9quentes en raison de leur vieillissement. En rempla\u00e7ant ces fen\u00eatres par des mod\u00e8les neufs et de meilleure qualit\u00e9, vous pouvez r\u00e9duire les co\u00fbts de maintenance \u00e0 long terme et minimiser les interruptions dues aux r\u00e9parations.<\/p>\n<\/div>\n<\/div>\n\n\n\n<div style=\"height:var(--wp--preset--spacing--20)\" aria-hidden=\"true\" class=\"wp-block-spacer\"><\/div>\n\n\n\n<div class=\"wp-block-columns alignwide are-vertically-aligned-bottom is-layout-flex wp-container-core-columns-is-layout-d0bbbce0 wp-block-columns-is-layout-flex\">\n<div class=\"wp-block-column is-vertically-aligned-bottom is-layout-flow wp-container-core-column-is-layout-e3d1c41b wp-block-column-is-layout-flow\">\n<h3 class=\"wp-block-heading has-text-align-left is-style-default has-body-font-family has-medium-font-size\" style=\"font-style:normal;font-weight:600\">S\u00e9curit\u00e9<\/h3>\n\n\n\n<p class=\"has-text-align-left\">Les fen\u00eatres de toit modernes sont \u00e9quip\u00e9es de meilleures technologies de s\u00e9curit\u00e9, telles que des verres r\u00e9sistants et des m\u00e9canismes de verrouillage am\u00e9lior\u00e9s. Cela renforce la s\u00e9curit\u00e9 de votre maison en r\u00e9duisant les risques d&rsquo;intrusion.<\/p>\n<\/div>\n<\/div>\n<\/div>\n","protected":false},"excerpt":{"rendered":"<p>Les fen\u00eatres de toit Efficacit\u00e9 Les fen\u00eatres de toit permettent d&rsquo;apporter une abondance de lumi\u00e8re naturelle dans les espaces sous les combles et les greniers. Cela cr\u00e9e un environnement int\u00e9rieur plus lumineux et agr\u00e9able, tout en r\u00e9duisant la d\u00e9pendance \u00e0 l&rsquo;\u00e9clairage artificiel pendant la journ\u00e9e. En rempla\u00e7ant vos fen\u00eatres par des mod\u00e8les plus r\u00e9cents et [&hellip;]<\/p>\n","protected":false},"author":1,"featured_media":0,"parent":0,"menu_order":0,"comment_status":"closed","ping_status":"closed","template":"page-no-title","meta":{"footnotes":""},"class_list":["post-74","page","type-page","status-publish","hentry"],"yoast_head":"<!-- This site is optimized with the Yoast SEO plugin v27.4 - https:\/\/yoast.com\/product\/yoast-seo-wordpress\/ -->\n<title>Fen\u00eatre de toit - Etanchexpert<\/title>\n<meta name=\"description\" content=\"Etanchexpert pose et entretien vos fen\u00eatres de toit ! D\u00e9couvrez l&#039;int\u00e9r\u00eat des fen\u00eatres de toit sur cette page !\" \/>\n<meta name=\"robots\" content=\"index, follow, max-snippet:-1, max-image-preview:large, max-video-preview:-1\" \/>\n<link rel=\"canonical\" href=\"https:\/\/etanchexpert.com\/index.php\/fenetre-de-toit\/\" \/>\n<meta property=\"og:locale\" content=\"fr_FR\" \/>\n<meta property=\"og:type\" content=\"article\" \/>\n<meta property=\"og:title\" content=\"Fen\u00eatre de toit - Etanchexpert\" \/>\n<meta property=\"og:description\" content=\"Etanchexpert pose et entretien vos fen\u00eatres de toit ! D\u00e9couvrez l&#039;int\u00e9r\u00eat des fen\u00eatres de toit sur cette page !\" \/>\n<meta property=\"og:url\" content=\"https:\/\/etanchexpert.com\/index.php\/fenetre-de-toit\/\" \/>\n<meta property=\"og:site_name\" content=\"Etanchexpert\" \/>\n<meta property=\"article:publisher\" content=\"https:\/\/www.facebook.com\/etanchexpert\/?locale=fr_FR\" \/>\n<meta property=\"article:modified_time\" content=\"2024-09-20T13:46:57+00:00\" \/>\n<meta name=\"twitter:card\" content=\"summary_large_image\" \/>\n<meta name=\"twitter:label1\" content=\"Dur\u00e9e de lecture estim\u00e9e\" \/>\n\t<meta name=\"twitter:data1\" content=\"2 minutes\" \/>\n<script type=\"application\/ld+json\" class=\"yoast-schema-graph\">{\"@context\":\"https:\\\/\\\/schema.org\",\"@graph\":[{\"@type\":\"WebPage\",\"@id\":\"https:\\\/\\\/etanchexpert.com\\\/index.php\\\/fenetre-de-toit\\\/\",\"url\":\"https:\\\/\\\/etanchexpert.com\\\/index.php\\\/fenetre-de-toit\\\/\",\"name\":\"Fen\u00eatre de toit - Etanchexpert\",\"isPartOf\":{\"@id\":\"https:\\\/\\\/etanchexpert.com\\\/#website\"},\"datePublished\":\"2024-07-31T15:10:40+00:00\",\"dateModified\":\"2024-09-20T13:46:57+00:00\",\"description\":\"Etanchexpert pose et entretien vos fen\u00eatres de toit ! D\u00e9couvrez l'int\u00e9r\u00eat des fen\u00eatres de toit sur cette page !\",\"breadcrumb\":{\"@id\":\"https:\\\/\\\/etanchexpert.com\\\/index.php\\\/fenetre-de-toit\\\/#breadcrumb\"},\"inLanguage\":\"fr-FR\",\"potentialAction\":[{\"@type\":\"ReadAction\",\"target\":[\"https:\\\/\\\/etanchexpert.com\\\/index.php\\\/fenetre-de-toit\\\/\"]}]},{\"@type\":\"BreadcrumbList\",\"@id\":\"https:\\\/\\\/etanchexpert.com\\\/index.php\\\/fenetre-de-toit\\\/#breadcrumb\",\"itemListElement\":[{\"@type\":\"ListItem\",\"position\":1,\"name\":\"Accueil\",\"item\":\"https:\\\/\\\/etanchexpert.com\\\/\"},{\"@type\":\"ListItem\",\"position\":2,\"name\":\"Fen\u00eatre de toit\"}]},{\"@type\":\"WebSite\",\"@id\":\"https:\\\/\\\/etanchexpert.com\\\/#website\",\"url\":\"https:\\\/\\\/etanchexpert.com\\\/\",\"name\":\"Etanchexpert\",\"description\":\"Etanchexpert. Tous droits r\u00e9serv\u00e9s.\",\"publisher\":{\"@id\":\"https:\\\/\\\/etanchexpert.com\\\/#organization\"},\"alternateName\":\"Couvreur sur le 28000, 78000 et 91000\",\"potentialAction\":[{\"@type\":\"SearchAction\",\"target\":{\"@type\":\"EntryPoint\",\"urlTemplate\":\"https:\\\/\\\/etanchexpert.com\\\/?s={search_term_string}\"},\"query-input\":{\"@type\":\"PropertyValueSpecification\",\"valueRequired\":true,\"valueName\":\"search_term_string\"}}],\"inLanguage\":\"fr-FR\"},{\"@type\":\"Organization\",\"@id\":\"https:\\\/\\\/etanchexpert.com\\\/#organization\",\"name\":\"EtanchExpert\",\"url\":\"https:\\\/\\\/etanchexpert.com\\\/\",\"logo\":{\"@type\":\"ImageObject\",\"inLanguage\":\"fr-FR\",\"@id\":\"https:\\\/\\\/etanchexpert.com\\\/#\\\/schema\\\/logo\\\/image\\\/\",\"url\":\"https:\\\/\\\/etanchexpert.com\\\/wp-content\\\/uploads\\\/2024\\\/07\\\/Etanchexpert-logo.png\",\"contentUrl\":\"https:\\\/\\\/etanchexpert.com\\\/wp-content\\\/uploads\\\/2024\\\/07\\\/Etanchexpert-logo.png\",\"width\":850,\"height\":198,\"caption\":\"EtanchExpert\"},\"image\":{\"@id\":\"https:\\\/\\\/etanchexpert.com\\\/#\\\/schema\\\/logo\\\/image\\\/\"},\"sameAs\":[\"https:\\\/\\\/www.facebook.com\\\/etanchexpert\\\/?locale=fr_FR\"]}]}<\/script>\n<!-- \/ Yoast SEO plugin. -->","yoast_head_json":{"title":"Fen\u00eatre de toit - Etanchexpert","description":"Etanchexpert pose et entretien vos fen\u00eatres de toit ! D\u00e9couvrez l'int\u00e9r\u00eat des fen\u00eatres de toit sur cette page !","robots":{"index":"index","follow":"follow","max-snippet":"max-snippet:-1","max-image-preview":"max-image-preview:large","max-video-preview":"max-video-preview:-1"},"canonical":"https:\/\/etanchexpert.com\/index.php\/fenetre-de-toit\/","og_locale":"fr_FR","og_type":"article","og_title":"Fen\u00eatre de toit - Etanchexpert","og_description":"Etanchexpert pose et entretien vos fen\u00eatres de toit ! D\u00e9couvrez l'int\u00e9r\u00eat des fen\u00eatres de toit sur cette page !","og_url":"https:\/\/etanchexpert.com\/index.php\/fenetre-de-toit\/","og_site_name":"Etanchexpert","article_publisher":"https:\/\/www.facebook.com\/etanchexpert\/?locale=fr_FR","article_modified_time":"2024-09-20T13:46:57+00:00","twitter_card":"summary_large_image","twitter_misc":{"Dur\u00e9e de lecture estim\u00e9e":"2 minutes"},"schema":{"@context":"https:\/\/schema.org","@graph":[{"@type":"WebPage","@id":"https:\/\/etanchexpert.com\/index.php\/fenetre-de-toit\/","url":"https:\/\/etanchexpert.com\/index.php\/fenetre-de-toit\/","name":"Fen\u00eatre de toit - Etanchexpert","isPartOf":{"@id":"https:\/\/etanchexpert.com\/#website"},"datePublished":"2024-07-31T15:10:40+00:00","dateModified":"2024-09-20T13:46:57+00:00","description":"Etanchexpert pose et entretien vos fen\u00eatres de toit ! D\u00e9couvrez l'int\u00e9r\u00eat des fen\u00eatres de toit sur cette page !","breadcrumb":{"@id":"https:\/\/etanchexpert.com\/index.php\/fenetre-de-toit\/#breadcrumb"},"inLanguage":"fr-FR","potentialAction":[{"@type":"ReadAction","target":["https:\/\/etanchexpert.com\/index.php\/fenetre-de-toit\/"]}]},{"@type":"BreadcrumbList","@id":"https:\/\/etanchexpert.com\/index.php\/fenetre-de-toit\/#breadcrumb","itemListElement":[{"@type":"ListItem","position":1,"name":"Accueil","item":"https:\/\/etanchexpert.com\/"},{"@type":"ListItem","position":2,"name":"Fen\u00eatre de toit"}]},{"@type":"WebSite","@id":"https:\/\/etanchexpert.com\/#website","url":"https:\/\/etanchexpert.com\/","name":"Etanchexpert","description":"Etanchexpert. Tous droits r\u00e9serv\u00e9s.","publisher":{"@id":"https:\/\/etanchexpert.com\/#organization"},"alternateName":"Couvreur sur le 28000, 78000 et 91000","potentialAction":[{"@type":"SearchAction","target":{"@type":"EntryPoint","urlTemplate":"https:\/\/etanchexpert.com\/?s={search_term_string}"},"query-input":{"@type":"PropertyValueSpecification","valueRequired":true,"valueName":"search_term_string"}}],"inLanguage":"fr-FR"},{"@type":"Organization","@id":"https:\/\/etanchexpert.com\/#organization","name":"EtanchExpert","url":"https:\/\/etanchexpert.com\/","logo":{"@type":"ImageObject","inLanguage":"fr-FR","@id":"https:\/\/etanchexpert.com\/#\/schema\/logo\/image\/","url":"https:\/\/etanchexpert.com\/wp-content\/uploads\/2024\/07\/Etanchexpert-logo.png","contentUrl":"https:\/\/etanchexpert.com\/wp-content\/uploads\/2024\/07\/Etanchexpert-logo.png","width":850,"height":198,"caption":"EtanchExpert"},"image":{"@id":"https:\/\/etanchexpert.com\/#\/schema\/logo\/image\/"},"sameAs":["https:\/\/www.facebook.com\/etanchexpert\/?locale=fr_FR"]}]}},"_links":{"self":[{"href":"https:\/\/etanchexpert.com\/index.php\/wp-json\/wp\/v2\/pages\/74","targetHints":{"allow":["GET"]}}],"collection":[{"href":"https:\/\/etanchexpert.com\/index.php\/wp-json\/wp\/v2\/pages"}],"about":[{"href":"https:\/\/etanchexpert.com\/index.php\/wp-json\/wp\/v2\/types\/page"}],"author":[{"embeddable":true,"href":"https:\/\/etanchexpert.com\/index.php\/wp-json\/wp\/v2\/users\/1"}],"replies":[{"embeddable":true,"href":"https:\/\/etanchexpert.com\/index.php\/wp-json\/wp\/v2\/comments?post=74"}],"version-history":[{"count":2,"href":"https:\/\/etanchexpert.com\/index.php\/wp-json\/wp\/v2\/pages\/74\/revisions"}],"predecessor-version":[{"id":126,"href":"https:\/\/etanchexpert.com\/index.php\/wp-json\/wp\/v2\/pages\/74\/revisions\/126"}],"wp:attachment":[{"href":"https:\/\/etanchexpert.com\/index.php\/wp-json\/wp\/v2\/media?parent=74"}],"curies":[{"name":"wp","href":"https:\/\/api.w.org\/{rel}","templated":true}]}}